{"id":854,"date":"2022-10-21T17:15:29","date_gmt":"2022-10-21T17:15:29","guid":{"rendered":"https:\/\/provi.3sadworksdemo.com\/wp\/?page_id=854"},"modified":"2022-11-16T08:29:21","modified_gmt":"2022-11-16T08:29:21","slug":"yumurta-hakkinda","status":"publish","type":"page","link":"https:\/\/proviyumurta.com.tr\/en\/anasayfa\/yumurta-hakkinda\/","title":{"rendered":"About Egg"},"content":{"rendered":"<div data-elementor-type=\"wp-page\" data-elementor-id=\"854\" class=\"elementor elementor-854\">\n\t\t\t\t\t\t\t\t\t<section class=\"elementor-section elementor-top-section elementor-element elementor-element-87b2fdb ct-section-stretched elementor-section-full_width elementor-section-height-default elementor-section-height-default\" data-id=\"87b2fdb\" data-element_type=\"section\" data-settings=\"{&quot;background_background&quot;:&quot;classic&quot;}\">\n\t\t\t\t\t\t<div class=\"elementor-container elementor-column-gap-no\">\n\t\t\t\t\t<div class=\"elementor-column elementor-col-100 elementor-top-column elementor-element elementor-element-38ab06f\" data-id=\"38ab06f\" data-element_type=\"column\">\n\t\t\t<div class=\"elementor-widget-wrap elementor-element-populated\">\n\t\t\t\t\t\t\t\t<div class=\"elementor-element elementor-element-f71d3e9 elementor-widget elementor-widget-spacer\" data-id=\"f71d3e9\" data-element_type=\"widget\" data-widget_type=\"spacer.default\">\n\t\t\t\t<div class=\"elementor-widget-container\">\n\t\t\t<style>\/*! elementor - v3.8.1 - 13-11-2022 *\/\n.elementor-column .elementor-spacer-inner{height:var(--spacer-size)}.e-con{--container-widget-width:100%}.e-con-inner>.elementor-widget-spacer,.e-con>.elementor-widget-spacer{width:var(--container-widget-width,var(--spacer-size));-ms-flex-item-align:stretch;align-self:stretch;-ms-flex-negative:0;flex-shrink:0}.e-con-inner>.elementor-widget-spacer>.elementor-widget-container,.e-con-inner>.elementor-widget-spacer>.elementor-widget-container>.elementor-spacer,.e-con>.elementor-widget-spacer>.elementor-widget-container,.e-con>.elementor-widget-spacer>.elementor-widget-container>.elementor-spacer{height:100%}.e-con-inner>.elementor-widget-spacer>.elementor-widget-container>.elementor-spacer>.elementor-spacer-inner,.e-con>.elementor-widget-spacer>.elementor-widget-container>.elementor-spacer>.elementor-spacer-inner{height:var(--container-widget-height,var(--spacer-size))}<\/style>\t\t<div class=\"elementor-spacer\">\n\t\t\t<div class=\"elementor-spacer-inner\"><\/div>\n\t\t<\/div>\n\t\t\t\t<\/div>\n\t\t\t\t<\/div>\n\t\t\t\t\t<\/div>\n\t\t<\/div>\n\t\t\t\t\t\t\t<\/div>\n\t\t<\/section>\n\t\t\t\t<section class=\"elementor-section elementor-top-section elementor-element elementor-element-f6e86b5 elementor-section-boxed elementor-section-height-default elementor-section-height-default\" data-id=\"f6e86b5\" data-element_type=\"section\">\n\t\t\t\t\t\t<div class=\"elementor-container elementor-column-gap-default\">\n\t\t\t\t\t<div class=\"elementor-column elementor-col-33 elementor-top-column elementor-element elementor-element-64ebe87\" data-id=\"64ebe87\" data-element_type=\"column\">\n\t\t\t<div class=\"elementor-widget-wrap elementor-element-populated\">\n\t\t\t\t\t\t\t\t<div class=\"elementor-element elementor-element-ef07eef elementor-widget elementor-widget-heading\" data-id=\"ef07eef\" data-element_type=\"widget\" data-widget_type=\"heading.default\">\n\t\t\t\t<div class=\"elementor-widget-container\">\n\t\t\t<style>\/*! elementor - v3.8.1 - 13-11-2022 *\/\n.elementor-heading-title{padding:0;margin:0;line-height:1}.elementor-widget-heading .elementor-heading-title[class*=elementor-size-]>a{color:inherit;font-size:inherit;line-height:inherit}.elementor-widget-heading .elementor-heading-title.elementor-size-small{font-size:15px}.elementor-widget-heading .elementor-heading-title.elementor-size-medium{font-size:19px}.elementor-widget-heading .elementor-heading-title.elementor-size-large{font-size:29px}.elementor-widget-heading .elementor-heading-title.elementor-size-xl{font-size:39px}.elementor-widget-heading .elementor-heading-title.elementor-size-xxl{font-size:59px}<\/style><h2 class=\"elementor-heading-title elementor-size-default\">About Egg<\/h2>\t\t<\/div>\n\t\t\t\t<\/div>\n\t\t\t\t<div class=\"elementor-element elementor-element-8a43740 breadim elementor-widget elementor-widget-wp-widget-bcn_widget\" data-id=\"8a43740\" data-element_type=\"widget\" data-widget_type=\"wp-widget-bcn_widget.default\">\n\t\t\t\t<div class=\"elementor-widget-container\">\n\t\t\t<div class=\"breadcrumbs\" vocab=\"https:\/\/schema.org\/\" typeof=\"BreadcrumbList\"><!-- Breadcrumb NavXT 7.1.0 -->\n<span property=\"itemListElement\" typeof=\"ListItem\"><a property=\"item\" typeof=\"WebPage\" title=\"Go to Provi.\" href=\"https:\/\/proviyumurta.com.tr\/en\" class=\"home\" aria-current=\"page\"><span property=\"name\">Homepage<\/span><\/a><meta property=\"position\" content=\"1\"><\/span><\/div>\t\t<\/div>\n\t\t\t\t<\/div>\n\t\t\t\t<div class=\"elementor-element elementor-element-ee3e4b1 menum elementor-widget elementor-widget-text-editor\" data-id=\"ee3e4b1\" data-element_type=\"widget\" data-widget_type=\"text-editor.default\">\n\t\t\t\t<div class=\"elementor-widget-container\">\n\t\t\t<style>\/*! elementor - v3.8.1 - 13-11-2022 *\/\n.elementor-widget-text-editor.elementor-drop-cap-view-stacked .elementor-drop-cap{background-color:#818a91;color:#fff}.elementor-widget-text-editor.elementor-drop-cap-view-framed .elementor-drop-cap{color:#818a91;border:3px solid;background-color:transparent}.elementor-widget-text-editor:not(.elementor-drop-cap-view-default) .elementor-drop-cap{margin-top:8px}.elementor-widget-text-editor:not(.elementor-drop-cap-view-default) .elementor-drop-cap-letter{width:1em;height:1em}.elementor-widget-text-editor .elementor-drop-cap{float:left;text-align:center;line-height:1;font-size:50px}.elementor-widget-text-editor .elementor-drop-cap-letter{display:inline-block}<\/style>\t\t\t\t<p><a href=\"#neden\">Why should we prefer eggs?<\/a><\/p>\t\t\t\t\t\t<\/div>\n\t\t\t\t<\/div>\n\t\t\t\t<div class=\"elementor-element elementor-element-59e5547 pasif elementor-widget elementor-widget-text-editor\" data-id=\"59e5547\" data-element_type=\"widget\" data-widget_type=\"text-editor.default\">\n\t\t\t\t<div class=\"elementor-widget-container\">\n\t\t\t\t\t\t\t<a href=\"#kosul\">How should we preserve the egg ?<\/a>\t\t\t\t\t\t<\/div>\n\t\t\t\t<\/div>\n\t\t\t\t<div class=\"elementor-element elementor-element-96c5176 pasif elementor-widget elementor-widget-text-editor\" data-id=\"96c5176\" data-element_type=\"widget\" data-widget_type=\"text-editor.default\">\n\t\t\t\t<div class=\"elementor-widget-container\">\n\t\t\t\t\t\t\t<p><a href=\"#neler\">What should we pay attention to when buying eggs?<\/a><\/p>\t\t\t\t\t\t<\/div>\n\t\t\t\t<\/div>\n\t\t\t\t\t<\/div>\n\t\t<\/div>\n\t\t\t\t<div class=\"elementor-column elementor-col-66 elementor-top-column elementor-element elementor-element-215c139\" data-id=\"215c139\" data-element_type=\"column\">\n\t\t\t<div class=\"elementor-widget-wrap elementor-element-populated\">\n\t\t\t\t\t\t\t\t<div class=\"elementor-element elementor-element-80f4f06 elementor-widget elementor-widget-image\" data-id=\"80f4f06\" data-element_type=\"widget\" data-widget_type=\"image.default\">\n\t\t\t\t<div class=\"elementor-widget-container\">\n\t\t\t<style>\/*! elementor - v3.8.1 - 13-11-2022 *\/\n.elementor-widget-image{text-align:center}.elementor-widget-image a{display:inline-block}.elementor-widget-image a img[src$=\".svg\"]{width:48px}.elementor-widget-image img{vertical-align:middle;display:inline-block}<\/style>\t\t\t\t\t\t\t\t\t\t\t\t<img loading=\"lazy\" decoding=\"async\" width=\"694\" height=\"303\" src=\"https:\/\/proviyumurta.com.tr\/wp-content\/uploads\/2022\/09\/c\u0327iftlik.png\" class=\"attachment-full size-full\" alt=\"\" srcset=\"https:\/\/proviyumurta.com.tr\/wp-content\/uploads\/2022\/09\/c\u0327iftlik.png 694w, https:\/\/proviyumurta.com.tr\/wp-content\/uploads\/2022\/09\/c\u0327iftlik-300x131.png 300w\" sizes=\"auto, (max-width: 694px) 100vw, 694px\" \/>\t\t\t\t\t\t\t\t\t\t\t\t\t\t\t<\/div>\n\t\t\t\t<\/div>\n\t\t\t\t<div class=\"elementor-element elementor-element-0f3bb0d elementor-widget elementor-widget-menu-anchor\" data-id=\"0f3bb0d\" data-element_type=\"widget\" data-widget_type=\"menu-anchor.default\">\n\t\t\t\t<div class=\"elementor-widget-container\">\n\t\t\t<style>\/*! elementor - v3.8.1 - 13-11-2022 *\/\nbody.elementor-page .elementor-widget-menu-anchor{margin-bottom:0}<\/style>\t\t<div id=\"neden\" class=\"elementor-menu-anchor\"><\/div>\n\t\t\t\t<\/div>\n\t\t\t\t<\/div>\n\t\t\t\t<div class=\"elementor-element elementor-element-6fac41b elementor-widget elementor-widget-heading\" data-id=\"6fac41b\" data-element_type=\"widget\" data-widget_type=\"heading.default\">\n\t\t\t\t<div class=\"elementor-widget-container\">\n\t\t\t<h2 class=\"elementor-heading-title elementor-size-default\">WHY SHOULD WE PREFER EGGS? <\/h2>\t\t<\/div>\n\t\t\t\t<\/div>\n\t\t\t\t<div class=\"elementor-element elementor-element-2d69011 elementor-widget elementor-widget-text-editor\" data-id=\"2d69011\" data-element_type=\"widget\" data-widget_type=\"text-editor.default\">\n\t\t\t\t<div class=\"elementor-widget-container\">\n\t\t\t\t\t\t\t<ul><li>Eggs are a natural and functional food that meets the daily requirements of human nutrition, containing protein, essential fatty acids, vitamins and minerals of both economic and superior biological value in animal foods.<\/li><li>Thanks to its active ingredients, the egg has antibacterial, antiviral, anti-carcinogenic properties, as well as properties such as protection against various diseases in its structure.<\/li><li>The egg consists of egg whites (60%), egg yolks (30%) and egg shells (10%).The egg white is very rich in protein and the yolk is very rich in fat, and a medium-sized egg can meet 10% of the daily protein requirements of an individual and 8% of the fat requirements .<\/li><li>Eggs contain 7% of daily Linoleic acid, 100% of Vitamin A, 18% of Vitamin D3, 36% of Riboflavin (B2), 160% of B12, which an adult needs daily. It can meet 15% of Vitamin E, 17% of Thiamine (B1), 45% of Folic acid, 15% of Phosphorus and Magnesium, 9% of Calcium and Copper, 17% of Zinc, 35% of Iodine.<\/li><li>Egg protein is more economical when compared to other proteins of animal origin. Despite its low price, it contains high quality protein and is highly digestible. When egg protein is compared with other foodstuffs in terms of biological value, it takes the first place with its digestibility value of 95%, followed by milk with 85%, fish with 76% and beef with 74%.<\/li><li>Making breakfast in the morning increases school success in children. For breakfast , eggs, milk, consumption of foods such as cheese , high-quality protein and energy content of the meal by letting blood sugar because of late autumn , in the period until the next meal, students work more efficiently , therefore, improves attention and learning abilitie<\/li><li>Babies and children who are in a period of rapid mental and physical growth and development need more protein.It is recommended that at least half of the protein consumed should be of animal origin. Therefore, the necessary importance should be given to eggs, which are a source of high-quality protein in the nutrition of children.<\/li><li>During pregnancy and lactation, when the need for protein in adult women increases, eggs should be the main source of high-quality protein.<\/li><li>Eggs are very rich in vitamins A, D, E, K and group B and are almost a storehouse of vitamins.<\/li><li>Vitamin A, found in the yolk of an egg, is an essential vitamin for good eye vision, bone development and skin health. It helps the development of body cells. It ensures that the respiratory and digestive systems are healthy and protected against infections.<\/li><li>Eggs are also a source of vitamin E. The most important property of vitamin E is that, due to its antioxidant (anti-oxidation) effect, it protects the body against harmful substances.<\/li><li>If enough of the sun's rays are used and eggs are consumed, bone disorders due to vitamin D deficiency do not occur, especially in children.<\/li><li>Eggs are an important source of choline.Choline is active in the development of the brain and the performance of its functions.It is also a good source of acetyl choline, which has a role in nerve conduction.The need for choline increases during pregnancy and lactation. The addition of one egg a day to the diet of healthy women during this period will contribute to the health of both mother and baby.<\/li><li>Egg is an important mineral store in terms of macro minerals such as calcium (Ca) and Phosphorus (P), which are the main building blocks of bones, teeth, hair and nails, and extremely rich in micro elements such as iron (Fe), copper (Cu) and zinc (Zn).<\/li><li>The amount of iron in egg yolk is similar to the iron in meat. Iron is necessary for blood production, anemia (anemia) occurs when it is taken insufficiently. In addition, iron also has a role in growth, development, protection against diseases.<\/li><li>Eggs are also a good source of the mineral zinc, which has a role in child nutrition, especially in growth-development and the immune system.Zinc also has tasks in reproduction and wound healing.<\/li><li>A medium-sized egg is about 75 calories.<\/li><li>Although it contains low energy, it is defined as a \"high nutritional value\" food due to its high content of many other essential nutrients. It is known that eggs have a beneficial effect on diet programs due to their satiety-providing effect.<\/li><\/ul>\t\t\t\t\t\t<\/div>\n\t\t\t\t<\/div>\n\t\t\t\t<div class=\"elementor-element elementor-element-563c217 elementor-widget elementor-widget-menu-anchor\" data-id=\"563c217\" data-element_type=\"widget\" data-widget_type=\"menu-anchor.default\">\n\t\t\t\t<div class=\"elementor-widget-container\">\n\t\t\t\t\t<div id=\"kosul\" class=\"elementor-menu-anchor\"><\/div>\n\t\t\t\t<\/div>\n\t\t\t\t<\/div>\n\t\t\t\t<div class=\"elementor-element elementor-element-da95877 elementor-widget elementor-widget-heading\" data-id=\"da95877\" data-element_type=\"widget\" data-widget_type=\"heading.default\">\n\t\t\t\t<div class=\"elementor-widget-container\">\n\t\t\t<h2 class=\"elementor-heading-title elementor-size-default\">HOW SHOULD WE PRESERVE THE EGG ?<\/h2>\t\t<\/div>\n\t\t\t\t<\/div>\n\t\t\t\t<div class=\"elementor-element elementor-element-e7b8d77 elementor-widget elementor-widget-text-editor\" data-id=\"e7b8d77\" data-element_type=\"widget\" data-widget_type=\"text-editor.default\">\n\t\t\t\t<div class=\"elementor-widget-container\">\n\t\t\t\t\t\t\t<ul><li>Eggs should be stored in the cold \/ cool place \/ refrigerator after purchase.<\/li><\/ul>\t\t\t\t\t\t<\/div>\n\t\t\t\t<\/div>\n\t\t\t\t<div class=\"elementor-element elementor-element-daf7f59 elementor-widget elementor-widget-menu-anchor\" data-id=\"daf7f59\" data-element_type=\"widget\" data-widget_type=\"menu-anchor.default\">\n\t\t\t\t<div class=\"elementor-widget-container\">\n\t\t\t\t\t<div id=\"neler\" class=\"elementor-menu-anchor\"><\/div>\n\t\t\t\t<\/div>\n\t\t\t\t<\/div>\n\t\t\t\t<div class=\"elementor-element elementor-element-f984d97 elementor-widget elementor-widget-heading\" data-id=\"f984d97\" data-element_type=\"widget\" data-widget_type=\"heading.default\">\n\t\t\t\t<div class=\"elementor-widget-container\">\n\t\t\t<h2 class=\"elementor-heading-title elementor-size-default\">WHAT SHOULD WE PAY ATTENTION TO WHEN BUYING EGGS?<\/h2>\t\t<\/div>\n\t\t\t\t<\/div>\n\t\t\t\t<div class=\"elementor-element elementor-element-0e1f4db elementor-widget elementor-widget-text-editor\" data-id=\"0e1f4db\" data-element_type=\"widget\" data-widget_type=\"text-editor.default\">\n\t\t\t\t<div class=\"elementor-widget-container\">\n\t\t\t\t\t\t\t<ul><li>When buying eggs, care should be taken that they are stored in a cool environment in markets. The shell of the egg should be clean, neat-looking, thick and slightly rough. Jul. Cracked and broken eggs should not be bought.These eggs can lose their freshness more quickly and deteriorate.They also create a favorable environment for the reproduction of microorganisms.<\/li><li>In order to prevent rapid deterioration, it should be stored in the original cardboard box purchased without washing. If the egg is washed, it loses its natural protective layer and deteriorates quickly. Therefore, it should be washed when it is to be used.Since the shell of the egg is porous, it is able to absorb odors. To prevent this, eggs should not be stored in the refrigerator near foods that have a strong smell, such as onions, fish. Daily fresh eggs should be consumed within 28 days, without losing the property of being of good quality.<\/li><\/ul>\t\t\t\t\t\t<\/div>\n\t\t\t\t<\/div>\n\t\t\t\t\t<\/div>\n\t\t<\/div>\n\t\t\t\t\t\t\t<\/div>\n\t\t<\/section>\n\t\t\t\t\t\t\t<\/div>","protected":false},"excerpt":{"rendered":"<p>Yumurta Hakk\u0131nda Yumurtay\u0131 Neden Tercih Etmeliyiz? Yumurtay\u0131 Nas\u0131l Muhafaza Etmeliyiz? Yumurta Al\u0131rken Nelere Dikkat Etmeliyiz? YUMURTAYI NEDEN TERC\u0130H ETMEL\u0130Y\u0130Z? Yumurta, hayvansal g\u0131dalar i\u00e7erisinde hem ekonomik, hem de \u00fcst\u00fcn biyolojik de\u011ferli protein, esansiyel ya\u011f asitleri, vitamin ve mineralleri i\u00e7eren, insan beslenmesinde g\u00fcnl\u00fck gereksinimleri kar\u015f\u0131layan do\u011fal ve fonksiyonel bir g\u0131dad\u0131r. Yumurta, aktif bile\u015fenleri sayesinde antibakteriyel, antiviral, anti [&hellip;]<\/p>","protected":false},"author":1,"featured_media":0,"parent":32,"menu_order":0,"comment_status":"closed","ping_status":"closed","template":"","meta":{"footnotes":""},"class_list":["post-854","page","type-page","status-publish","hentry"],"blocksy_meta":{"styles_descriptor":{"styles":{"desktop":"","tablet":"","mobile":""},"google_fonts":[],"version":6}},"_links":{"self":[{"href":"https:\/\/proviyumurta.com.tr\/en\/wp-json\/wp\/v2\/pages\/854","targetHints":{"allow":["GET"]}}],"collection":[{"href":"https:\/\/proviyumurta.com.tr\/en\/wp-json\/wp\/v2\/pages"}],"about":[{"href":"https:\/\/proviyumurta.com.tr\/en\/wp-json\/wp\/v2\/types\/page"}],"author":[{"embeddable":true,"href":"https:\/\/proviyumurta.com.tr\/en\/wp-json\/wp\/v2\/users\/1"}],"replies":[{"embeddable":true,"href":"https:\/\/proviyumurta.com.tr\/en\/wp-json\/wp\/v2\/comments?post=854"}],"version-history":[{"count":44,"href":"https:\/\/proviyumurta.com.tr\/en\/wp-json\/wp\/v2\/pages\/854\/revisions"}],"predecessor-version":[{"id":1118,"href":"https:\/\/proviyumurta.com.tr\/en\/wp-json\/wp\/v2\/pages\/854\/revisions\/1118"}],"up":[{"embeddable":true,"href":"https:\/\/proviyumurta.com.tr\/en\/wp-json\/wp\/v2\/pages\/32"}],"wp:attachment":[{"href":"https:\/\/proviyumurta.com.tr\/en\/wp-json\/wp\/v2\/media?parent=854"}],"curies":[{"name":"wp","href":"https:\/\/api.w.org\/{rel}","templated":true}]}}