{"id":276,"date":"2022-09-15T18:23:54","date_gmt":"2022-09-15T18:23:54","guid":{"rendered":"https:\/\/provi.3sadworksdemo.com\/wp\/?page_id=276"},"modified":"2022-11-14T13:43:44","modified_gmt":"2022-11-14T13:43:44","slug":"galeri","status":"publish","type":"page","link":"https:\/\/proviyumurta.com.tr\/en\/ciftlik\/galeri\/","title":{"rendered":"Gallery"},"content":{"rendered":"<div data-elementor-type=\"wp-page\" data-elementor-id=\"276\" class=\"elementor elementor-276\">\n\t\t\t\t\t\t\t\t\t<section class=\"elementor-section elementor-top-section elementor-element elementor-element-b4da746 ct-section-stretched elementor-section-full_width elementor-section-height-default elementor-section-height-default\" data-id=\"b4da746\" data-element_type=\"section\" data-settings=\"{&quot;background_background&quot;:&quot;classic&quot;}\">\n\t\t\t\t\t\t<div class=\"elementor-container elementor-column-gap-no\">\n\t\t\t\t\t<div class=\"elementor-column elementor-col-100 elementor-top-column elementor-element elementor-element-79a05f2\" data-id=\"79a05f2\" data-element_type=\"column\">\n\t\t\t<div class=\"elementor-widget-wrap elementor-element-populated\">\n\t\t\t\t\t\t\t\t<div class=\"elementor-element elementor-element-7e104b6 elementor-widget elementor-widget-spacer\" data-id=\"7e104b6\" data-element_type=\"widget\" data-widget_type=\"spacer.default\">\n\t\t\t\t<div class=\"elementor-widget-container\">\n\t\t\t<style>\/*! elementor - v3.8.1 - 13-11-2022 *\/\n.elementor-column .elementor-spacer-inner{height:var(--spacer-size)}.e-con{--container-widget-width:100%}.e-con-inner>.elementor-widget-spacer,.e-con>.elementor-widget-spacer{width:var(--container-widget-width,var(--spacer-size));-ms-flex-item-align:stretch;align-self:stretch;-ms-flex-negative:0;flex-shrink:0}.e-con-inner>.elementor-widget-spacer>.elementor-widget-container,.e-con-inner>.elementor-widget-spacer>.elementor-widget-container>.elementor-spacer,.e-con>.elementor-widget-spacer>.elementor-widget-container,.e-con>.elementor-widget-spacer>.elementor-widget-container>.elementor-spacer{height:100%}.e-con-inner>.elementor-widget-spacer>.elementor-widget-container>.elementor-spacer>.elementor-spacer-inner,.e-con>.elementor-widget-spacer>.elementor-widget-container>.elementor-spacer>.elementor-spacer-inner{height:var(--container-widget-height,var(--spacer-size))}<\/style>\t\t<div class=\"elementor-spacer\">\n\t\t\t<div class=\"elementor-spacer-inner\"><\/div>\n\t\t<\/div>\n\t\t\t\t<\/div>\n\t\t\t\t<\/div>\n\t\t\t\t\t<\/div>\n\t\t<\/div>\n\t\t\t\t\t\t\t<\/div>\n\t\t<\/section>\n\t\t\t\t<section class=\"elementor-section elementor-top-section elementor-element elementor-element-30cb077 elementor-section-boxed elementor-section-height-default elementor-section-height-default\" data-id=\"30cb077\" data-element_type=\"section\">\n\t\t\t\t\t\t<div class=\"elementor-container elementor-column-gap-default\">\n\t\t\t\t\t<div class=\"elementor-column elementor-col-33 elementor-top-column elementor-element elementor-element-2a6509d\" data-id=\"2a6509d\" data-element_type=\"column\">\n\t\t\t<div class=\"elementor-widget-wrap elementor-element-populated\">\n\t\t\t\t\t\t\t\t<div class=\"elementor-element elementor-element-2046ba7 elementor-widget elementor-widget-heading\" data-id=\"2046ba7\" data-element_type=\"widget\" data-widget_type=\"heading.default\">\n\t\t\t\t<div class=\"elementor-widget-container\">\n\t\t\t<style>\/*! elementor - v3.8.1 - 13-11-2022 *\/\n.elementor-heading-title{padding:0;margin:0;line-height:1}.elementor-widget-heading .elementor-heading-title[class*=elementor-size-]>a{color:inherit;font-size:inherit;line-height:inherit}.elementor-widget-heading .elementor-heading-title.elementor-size-small{font-size:15px}.elementor-widget-heading .elementor-heading-title.elementor-size-medium{font-size:19px}.elementor-widget-heading .elementor-heading-title.elementor-size-large{font-size:29px}.elementor-widget-heading .elementor-heading-title.elementor-size-xl{font-size:39px}.elementor-widget-heading .elementor-heading-title.elementor-size-xxl{font-size:59px}<\/style><h2 class=\"elementor-heading-title elementor-size-default\">About the Farm<\/h2>\t\t<\/div>\n\t\t\t\t<\/div>\n\t\t\t\t<div class=\"elementor-element elementor-element-8e627d0 breadim elementor-widget elementor-widget-wp-widget-bcn_widget\" data-id=\"8e627d0\" data-element_type=\"widget\" data-widget_type=\"wp-widget-bcn_widget.default\">\n\t\t\t\t<div class=\"elementor-widget-container\">\n\t\t\t<div class=\"breadcrumbs\" vocab=\"https:\/\/schema.org\/\" typeof=\"BreadcrumbList\"><!-- Breadcrumb NavXT 7.1.0 -->\n<span property=\"itemListElement\" typeof=\"ListItem\"><a property=\"item\" typeof=\"WebPage\" title=\"Go to Provi.\" href=\"https:\/\/proviyumurta.com.tr\/en\" class=\"home\" aria-current=\"page\"><span property=\"name\">Homepage<\/span><\/a><meta property=\"position\" content=\"1\"><\/span><\/div>\t\t<\/div>\n\t\t\t\t<\/div>\n\t\t\t\t<div class=\"elementor-element elementor-element-d4583ef pasif elementor-widget elementor-widget-text-editor\" data-id=\"d4583ef\" data-element_type=\"widget\" data-widget_type=\"text-editor.default\">\n\t\t\t\t<div class=\"elementor-widget-container\">\n\t\t\t<style>\/*! elementor - v3.8.1 - 13-11-2022 *\/\n.elementor-widget-text-editor.elementor-drop-cap-view-stacked .elementor-drop-cap{background-color:#818a91;color:#fff}.elementor-widget-text-editor.elementor-drop-cap-view-framed .elementor-drop-cap{color:#818a91;border:3px solid;background-color:transparent}.elementor-widget-text-editor:not(.elementor-drop-cap-view-default) .elementor-drop-cap{margin-top:8px}.elementor-widget-text-editor:not(.elementor-drop-cap-view-default) .elementor-drop-cap-letter{width:1em;height:1em}.elementor-widget-text-editor .elementor-drop-cap{float:left;text-align:center;line-height:1;font-size:50px}.elementor-widget-text-editor .elementor-drop-cap-letter{display:inline-block}<\/style>\t\t\t\t<p><a href=\"https:\/\/proviyumurta.com.tr\/en\/ciftlik\/ciftlik-hakkinda\/\">About the Farm <\/a><\/p>\t\t\t\t\t\t<\/div>\n\t\t\t\t<\/div>\n\t\t\t\t<div class=\"elementor-element elementor-element-3f7b31e menum elementor-widget elementor-widget-text-editor\" data-id=\"3f7b31e\" data-element_type=\"widget\" data-widget_type=\"text-editor.default\">\n\t\t\t\t<div class=\"elementor-widget-container\">\n\t\t\t\t\t\t\t<p><a href=\"https:\/\/proviyumurta.com.tr\/en\/ciftlik\/galeri\/\">Gallery<\/a><\/p>\t\t\t\t\t\t<\/div>\n\t\t\t\t<\/div>\n\t\t\t\t\t<\/div>\n\t\t<\/div>\n\t\t\t\t<div class=\"elementor-column elementor-col-66 elementor-top-column elementor-element elementor-element-62b4e08\" data-id=\"62b4e08\" data-element_type=\"column\">\n\t\t\t<div class=\"elementor-widget-wrap elementor-element-populated\">\n\t\t\t\t\t\t\t\t<div class=\"elementor-element elementor-element-51319aa elementor-grid-2 elementor-grid-tablet-2 elementor-grid-mobile-1 eael-fg-hoverer-content-align-left elementor-widget elementor-widget-eael-filterable-gallery\" data-id=\"51319aa\" data-element_type=\"widget\" data-settings=\"{&quot;columns&quot;:&quot;2&quot;,&quot;columns_tablet&quot;:&quot;2&quot;,&quot;columns_mobile&quot;:&quot;1&quot;,&quot;photo_gallery&quot;:&quot;yes&quot;,&quot;pagination&quot;:&quot;false&quot;}\" data-widget_type=\"eael-filterable-gallery.default\">\n\t\t\t\t<div class=\"elementor-widget-container\">\n\t\t\t        <div id=\"eael-filter-gallery-wrapper-51319aa\" class=\"eael-filter-gallery-wrapper\" data-layout-mode=\"hoverer\" data-mfp_caption=\"\">\n            \n                        <div class=\"eael-filter-gallery-control\">\n                <ul><li data-load-more-status=\"0\" data-first-init=\"1\" class=\"control all-control active\" data-filter=\"*\">All<\/li><li data-load-more-status=\"0\" data-first-init=\"0\" class=\"control\" data-filter=\".eael-cf-foto\u00c4\u009fraf\">Foto\u011fraf<\/li><li data-load-more-status=\"0\" data-first-init=\"0\" class=\"control\" data-filter=\".eael-cf-video\">Video<\/li><\/ul>\n            <\/div>\n            \n            <div class=\"eael-filter-gallery-container eael-filter-gallery-grid\" data-images-per-page=\"\" data-total-gallery-items=\"7\" data-nomore-item-text=\"\" data-settings=\"{&quot;grid_style&quot;:&quot;grid&quot;,&quot;popup&quot;:&quot;buttons&quot;,&quot;duration&quot;:500,&quot;gallery_enabled&quot;:&quot;yes&quot;,&quot;post_id&quot;:276,&quot;widget_id&quot;:&quot;51319aa&quot;}\" data-gallery-items=\"[&quot;\\u003Cdiv class=\\u0022eael-filterable-gallery-item-wrap eael-cf-video\\u0022\\u003E\\n\\t\\t\\t\\t\\u003Cdiv class=\\u0022eael-gallery-grid-item\\u0022\\u003E\\u003Ca href=\\u0022https:\\\/\\\/proviyumurta.com.tr\\\/wp-content\\\/uploads\\\/2022\\\/09\\\/Rectangle-59.png\\u0022 class=\\u0022eael-magnific-link media-content-wrap active\\u0022 data-elementor-open-lightbox=\\u0022no\\u0022\\u003E\\u003Cdiv class=\\u0022gallery-item-thumbnail-wrap video_gallery_switch_on\\u0022\\u003E\\u003Cimg src=\\u0022https:\\\/\\\/proviyumurta.com.tr\\\/wp-content\\\/uploads\\\/2022\\\/09\\\/Rectangle-59.png\\u0022 data-lazy-src=\\u0022https:\\\/\\\/proviyumurta.com.tr\\\/wp-content\\\/uploads\\\/2022\\\/09\\\/Rectangle-59.png\\u0022 alt=\\u0022\\u0022 class=\\u0022gallery-item-thumbnail\\u0022\\u003E\\u003Ca href=\\u0022https:\\\/\\\/www.youtube.com\\\/watch?v=9pWkndRlq7w\\u0022 class=\\u0022video-popup eael-magnific-link active eael-magnific-video-link mfp-iframe\\u0022\\u003E\\u003Cdiv class=\\u0022video-popup-bg\\u0022\\u003E\\u003C\\\/div\\u003E\\u003Cimg src=\\u0022https:\\\/\\\/proviyumurta.com.tr\\\/wp-content\\\/uploads\\\/2022\\\/09\\\/play.png\\u0022\\u003E\\u003C\\\/a\\u003E\\u003C\\\/div\\u003E\\u003C\\\/a\\u003E\\u003C\\\/div\\u003E\\u003C\\\/div\\u003E&quot;,&quot;\\u003Cdiv class=\\u0022eael-filterable-gallery-item-wrap eael-cf-foto\u00c4\u009fraf\\u0022\\u003E\\n\\t\\t\\t\\t\\u003Cdiv class=\\u0022eael-gallery-grid-item\\u0022\\u003E\\u003Ca href=\\u0022https:\\\/\\\/proviyumurta.com.tr\\\/wp-content\\\/uploads\\\/2022\\\/11\\\/kolaj.jpg\\u0022 class=\\u0022eael-magnific-link media-content-wrap active\\u0022 data-elementor-open-lightbox=\\u0022no\\u0022\\u003E\\u003Cdiv class=\\u0022gallery-item-thumbnail-wrap\\u0022\\u003E\\u003Cimg src=\\u0022https:\\\/\\\/proviyumurta.com.tr\\\/wp-content\\\/uploads\\\/2022\\\/11\\\/kolaj.jpg\\u0022 data-lazy-src=\\u0022https:\\\/\\\/proviyumurta.com.tr\\\/wp-content\\\/uploads\\\/2022\\\/11\\\/kolaj.jpg\\u0022 alt=\\u0022\\u0022 class=\\u0022gallery-item-thumbnail\\u0022\\u003E\\u003C\\\/div\\u003E\\u003Cdiv class=\\u0022gallery-item-caption-wrap caption-style-hoverer eael-slide-up\\u0022\\u003E\\u003Cdiv class=\\u0022gallery-item-hoverer-bg\\u0022\\u003E\\u003C\\\/div\\u003E\\u003Cdiv class=\\u0022gallery-item-caption-over\\u0022\\u003E\\u003C\\\/div\\u003E\\u003C\\\/div\\u003E\\u003C\\\/a\\u003E\\u003C\\\/a\\u003E\\u003C\\\/div\\u003E\\u003C\\\/div\\u003E&quot;,&quot;\\u003Cdiv class=\\u0022eael-filterable-gallery-item-wrap eael-cf-foto\u00c4\u009fraf\\u0022\\u003E\\n\\t\\t\\t\\t\\u003Cdiv class=\\u0022eael-gallery-grid-item\\u0022\\u003E\\u003Ca href=\\u0022https:\\\/\\\/proviyumurta.com.tr\\\/wp-content\\\/uploads\\\/2022\\\/09\\\/Rectangle-57.png\\u0022 class=\\u0022eael-magnific-link media-content-wrap active\\u0022 data-elementor-open-lightbox=\\u0022no\\u0022\\u003E\\u003Cdiv class=\\u0022gallery-item-thumbnail-wrap\\u0022\\u003E\\u003Cimg src=\\u0022https:\\\/\\\/proviyumurta.com.tr\\\/wp-content\\\/uploads\\\/2022\\\/09\\\/Rectangle-57.png\\u0022 data-lazy-src=\\u0022https:\\\/\\\/proviyumurta.com.tr\\\/wp-content\\\/uploads\\\/2022\\\/09\\\/Rectangle-57.png\\u0022 alt=\\u0022\\u0022 class=\\u0022gallery-item-thumbnail\\u0022\\u003E\\u003C\\\/div\\u003E\\u003Cdiv class=\\u0022gallery-item-caption-wrap caption-style-hoverer eael-slide-up\\u0022\\u003E\\u003Cdiv class=\\u0022gallery-item-hoverer-bg\\u0022\\u003E\\u003C\\\/div\\u003E\\u003Cdiv class=\\u0022gallery-item-caption-over\\u0022\\u003E\\u003C\\\/div\\u003E\\u003C\\\/div\\u003E\\u003C\\\/a\\u003E\\u003C\\\/a\\u003E\\u003C\\\/div\\u003E\\u003C\\\/div\\u003E&quot;,&quot;\\u003Cdiv class=\\u0022eael-filterable-gallery-item-wrap eael-cf-foto\u00c4\u009fraf\\u0022\\u003E\\n\\t\\t\\t\\t\\u003Cdiv class=\\u0022eael-gallery-grid-item\\u0022\\u003E\\u003Ca href=\\u0022https:\\\/\\\/proviyumurta.com.tr\\\/wp-content\\\/uploads\\\/2022\\\/09\\\/Rectangle-58.png\\u0022 class=\\u0022eael-magnific-link media-content-wrap active\\u0022 data-elementor-open-lightbox=\\u0022no\\u0022\\u003E\\u003Cdiv class=\\u0022gallery-item-thumbnail-wrap\\u0022\\u003E\\u003Cimg src=\\u0022https:\\\/\\\/proviyumurta.com.tr\\\/wp-content\\\/uploads\\\/2022\\\/09\\\/Rectangle-58.png\\u0022 data-lazy-src=\\u0022https:\\\/\\\/proviyumurta.com.tr\\\/wp-content\\\/uploads\\\/2022\\\/09\\\/Rectangle-58.png\\u0022 alt=\\u0022\\u0022 class=\\u0022gallery-item-thumbnail\\u0022\\u003E\\u003C\\\/div\\u003E\\u003Cdiv class=\\u0022gallery-item-caption-wrap caption-style-hoverer eael-slide-up\\u0022\\u003E\\u003Cdiv class=\\u0022gallery-item-hoverer-bg\\u0022\\u003E\\u003C\\\/div\\u003E\\u003Cdiv class=\\u0022gallery-item-caption-over\\u0022\\u003E\\u003C\\\/div\\u003E\\u003C\\\/div\\u003E\\u003C\\\/a\\u003E\\u003C\\\/a\\u003E\\u003C\\\/div\\u003E\\u003C\\\/div\\u003E&quot;,&quot;\\u003Cdiv class=\\u0022eael-filterable-gallery-item-wrap eael-cf-foto\u00c4\u009fraf\\u0022\\u003E\\n\\t\\t\\t\\t\\u003Cdiv class=\\u0022eael-gallery-grid-item\\u0022\\u003E\\u003Ca href=\\u0022https:\\\/\\\/proviyumurta.com.tr\\\/wp-content\\\/uploads\\\/2022\\\/09\\\/Rectangle-60.png\\u0022 class=\\u0022eael-magnific-link media-content-wrap active\\u0022 data-elementor-open-lightbox=\\u0022no\\u0022\\u003E\\u003Cdiv class=\\u0022gallery-item-thumbnail-wrap\\u0022\\u003E\\u003Cimg src=\\u0022https:\\\/\\\/proviyumurta.com.tr\\\/wp-content\\\/uploads\\\/2022\\\/09\\\/Rectangle-60.png\\u0022 data-lazy-src=\\u0022https:\\\/\\\/proviyumurta.com.tr\\\/wp-content\\\/uploads\\\/2022\\\/09\\\/Rectangle-60.png\\u0022 alt=\\u0022\\u0022 class=\\u0022gallery-item-thumbnail\\u0022\\u003E\\u003C\\\/div\\u003E\\u003Cdiv class=\\u0022gallery-item-caption-wrap caption-style-hoverer eael-slide-up\\u0022\\u003E\\u003Cdiv class=\\u0022gallery-item-hoverer-bg\\u0022\\u003E\\u003C\\\/div\\u003E\\u003Cdiv class=\\u0022gallery-item-caption-over\\u0022\\u003E\\u003C\\\/div\\u003E\\u003C\\\/div\\u003E\\u003C\\\/a\\u003E\\u003C\\\/a\\u003E\\u003C\\\/div\\u003E\\u003C\\\/div\\u003E&quot;,&quot;\\u003Cdiv class=\\u0022eael-filterable-gallery-item-wrap eael-cf-foto\u00c4\u009fraf\\u0022\\u003E\\n\\t\\t\\t\\t\\u003Cdiv class=\\u0022eael-gallery-grid-item\\u0022\\u003E\\u003Ca href=\\u0022https:\\\/\\\/proviyumurta.com.tr\\\/wp-content\\\/uploads\\\/2022\\\/09\\\/Rectangle-61.png\\u0022 class=\\u0022eael-magnific-link media-content-wrap active\\u0022 data-elementor-open-lightbox=\\u0022no\\u0022\\u003E\\u003Cdiv class=\\u0022gallery-item-thumbnail-wrap\\u0022\\u003E\\u003Cimg src=\\u0022https:\\\/\\\/proviyumurta.com.tr\\\/wp-content\\\/uploads\\\/2022\\\/09\\\/Rectangle-61.png\\u0022 data-lazy-src=\\u0022https:\\\/\\\/proviyumurta.com.tr\\\/wp-content\\\/uploads\\\/2022\\\/09\\\/Rectangle-61.png\\u0022 alt=\\u0022\\u0022 class=\\u0022gallery-item-thumbnail\\u0022\\u003E\\u003C\\\/div\\u003E\\u003Cdiv class=\\u0022gallery-item-caption-wrap caption-style-hoverer eael-slide-up\\u0022\\u003E\\u003Cdiv class=\\u0022gallery-item-hoverer-bg\\u0022\\u003E\\u003C\\\/div\\u003E\\u003Cdiv class=\\u0022gallery-item-caption-over\\u0022\\u003E\\u003C\\\/div\\u003E\\u003C\\\/div\\u003E\\u003C\\\/a\\u003E\\u003C\\\/a\\u003E\\u003C\\\/div\\u003E\\u003C\\\/div\\u003E&quot;,&quot;\\u003Cdiv class=\\u0022eael-filterable-gallery-item-wrap eael-cf-foto\u00c4\u009fraf\\u0022\\u003E\\n\\t\\t\\t\\t\\u003Cdiv class=\\u0022eael-gallery-grid-item\\u0022\\u003E\\u003Ca href=\\u0022https:\\\/\\\/proviyumurta.com.tr\\\/wp-content\\\/uploads\\\/2022\\\/09\\\/Rectangle-62.png\\u0022 class=\\u0022eael-magnific-link media-content-wrap active\\u0022 data-elementor-open-lightbox=\\u0022no\\u0022\\u003E\\u003Cdiv class=\\u0022gallery-item-thumbnail-wrap\\u0022\\u003E\\u003Cimg src=\\u0022https:\\\/\\\/proviyumurta.com.tr\\\/wp-content\\\/uploads\\\/2022\\\/09\\\/Rectangle-62.png\\u0022 data-lazy-src=\\u0022https:\\\/\\\/proviyumurta.com.tr\\\/wp-content\\\/uploads\\\/2022\\\/09\\\/Rectangle-62.png\\u0022 alt=\\u0022\\u0022 class=\\u0022gallery-item-thumbnail\\u0022\\u003E\\u003C\\\/div\\u003E\\u003Cdiv class=\\u0022gallery-item-caption-wrap caption-style-hoverer eael-slide-up\\u0022\\u003E\\u003Cdiv class=\\u0022gallery-item-hoverer-bg\\u0022\\u003E\\u003C\\\/div\\u003E\\u003Cdiv class=\\u0022gallery-item-caption-over\\u0022\\u003E\\u003C\\\/div\\u003E\\u003C\\\/div\\u003E\\u003C\\\/a\\u003E\\u003C\\\/a\\u003E\\u003C\\\/div\\u003E\\u003C\\\/div\\u003E&quot;]\" data-init-show=\"6\">\n                <div class=\"eael-filterable-gallery-item-wrap eael-cf-video\">\n\t\t\t\t<div class=\"eael-gallery-grid-item\"><a href=\"https:\/\/proviyumurta.com.tr\/wp-content\/uploads\/2022\/09\/Rectangle-59.png\" class=\"eael-magnific-link media-content-wrap active\" data-elementor-open-lightbox=\"no\"><div class=\"gallery-item-thumbnail-wrap video_gallery_switch_on\"><img decoding=\"async\" src=\"https:\/\/proviyumurta.com.tr\/wp-content\/uploads\/2022\/09\/Rectangle-59.png\" data-lazy-src=\"https:\/\/proviyumurta.com.tr\/wp-content\/uploads\/2022\/09\/Rectangle-59.png\" alt=\"\" class=\"gallery-item-thumbnail\"><a href=\"https:\/\/www.youtube.com\/watch?v=9pWkndRlq7w\" class=\"video-popup eael-magnific-link active eael-magnific-video-link mfp-iframe\"><div class=\"video-popup-bg\"><\/div><img decoding=\"async\" src=\"https:\/\/proviyumurta.com.tr\/wp-content\/uploads\/2022\/09\/play.png\"><\/a><\/div><\/a><\/div><\/div><div class=\"eael-filterable-gallery-item-wrap eael-cf-foto\u00c4\u009fraf\">\n\t\t\t\t<div class=\"eael-gallery-grid-item\"><a href=\"https:\/\/proviyumurta.com.tr\/wp-content\/uploads\/2022\/11\/kolaj.jpg\" class=\"eael-magnific-link media-content-wrap active\" data-elementor-open-lightbox=\"no\"><div class=\"gallery-item-thumbnail-wrap\"><img decoding=\"async\" src=\"https:\/\/proviyumurta.com.tr\/wp-content\/uploads\/2022\/11\/kolaj.jpg\" data-lazy-src=\"https:\/\/proviyumurta.com.tr\/wp-content\/uploads\/2022\/11\/kolaj.jpg\" alt=\"\" class=\"gallery-item-thumbnail\"><\/div><div class=\"gallery-item-caption-wrap caption-style-hoverer eael-slide-up\"><div class=\"gallery-item-hoverer-bg\"><\/div><div class=\"gallery-item-caption-over\"><\/div><\/div><\/a><\/a><\/div><\/div><div class=\"eael-filterable-gallery-item-wrap eael-cf-foto\u00c4\u009fraf\">\n\t\t\t\t<div class=\"eael-gallery-grid-item\"><a href=\"https:\/\/proviyumurta.com.tr\/wp-content\/uploads\/2022\/09\/Rectangle-57.png\" class=\"eael-magnific-link media-content-wrap active\" data-elementor-open-lightbox=\"no\"><div class=\"gallery-item-thumbnail-wrap\"><img decoding=\"async\" src=\"https:\/\/proviyumurta.com.tr\/wp-content\/uploads\/2022\/09\/Rectangle-57.png\" data-lazy-src=\"https:\/\/proviyumurta.com.tr\/wp-content\/uploads\/2022\/09\/Rectangle-57.png\" alt=\"\" class=\"gallery-item-thumbnail\"><\/div><div class=\"gallery-item-caption-wrap caption-style-hoverer eael-slide-up\"><div class=\"gallery-item-hoverer-bg\"><\/div><div class=\"gallery-item-caption-over\"><\/div><\/div><\/a><\/a><\/div><\/div><div class=\"eael-filterable-gallery-item-wrap eael-cf-foto\u00c4\u009fraf\">\n\t\t\t\t<div class=\"eael-gallery-grid-item\"><a href=\"https:\/\/proviyumurta.com.tr\/wp-content\/uploads\/2022\/09\/Rectangle-58.png\" class=\"eael-magnific-link media-content-wrap active\" data-elementor-open-lightbox=\"no\"><div class=\"gallery-item-thumbnail-wrap\"><img decoding=\"async\" src=\"https:\/\/proviyumurta.com.tr\/wp-content\/uploads\/2022\/09\/Rectangle-58.png\" data-lazy-src=\"https:\/\/proviyumurta.com.tr\/wp-content\/uploads\/2022\/09\/Rectangle-58.png\" alt=\"\" class=\"gallery-item-thumbnail\"><\/div><div class=\"gallery-item-caption-wrap caption-style-hoverer eael-slide-up\"><div class=\"gallery-item-hoverer-bg\"><\/div><div class=\"gallery-item-caption-over\"><\/div><\/div><\/a><\/a><\/div><\/div><div class=\"eael-filterable-gallery-item-wrap eael-cf-foto\u00c4\u009fraf\">\n\t\t\t\t<div class=\"eael-gallery-grid-item\"><a href=\"https:\/\/proviyumurta.com.tr\/wp-content\/uploads\/2022\/09\/Rectangle-60.png\" class=\"eael-magnific-link media-content-wrap active\" data-elementor-open-lightbox=\"no\"><div class=\"gallery-item-thumbnail-wrap\"><img decoding=\"async\" src=\"https:\/\/proviyumurta.com.tr\/wp-content\/uploads\/2022\/09\/Rectangle-60.png\" data-lazy-src=\"https:\/\/proviyumurta.com.tr\/wp-content\/uploads\/2022\/09\/Rectangle-60.png\" alt=\"\" class=\"gallery-item-thumbnail\"><\/div><div class=\"gallery-item-caption-wrap caption-style-hoverer eael-slide-up\"><div class=\"gallery-item-hoverer-bg\"><\/div><div class=\"gallery-item-caption-over\"><\/div><\/div><\/a><\/a><\/div><\/div><div class=\"eael-filterable-gallery-item-wrap eael-cf-foto\u00c4\u009fraf\">\n\t\t\t\t<div class=\"eael-gallery-grid-item\"><a href=\"https:\/\/proviyumurta.com.tr\/wp-content\/uploads\/2022\/09\/Rectangle-61.png\" class=\"eael-magnific-link media-content-wrap active\" data-elementor-open-lightbox=\"no\"><div class=\"gallery-item-thumbnail-wrap\"><img decoding=\"async\" src=\"https:\/\/proviyumurta.com.tr\/wp-content\/uploads\/2022\/09\/Rectangle-61.png\" data-lazy-src=\"https:\/\/proviyumurta.com.tr\/wp-content\/uploads\/2022\/09\/Rectangle-61.png\" alt=\"\" class=\"gallery-item-thumbnail\"><\/div><div class=\"gallery-item-caption-wrap caption-style-hoverer eael-slide-up\"><div class=\"gallery-item-hoverer-bg\"><\/div><div class=\"gallery-item-caption-over\"><\/div><\/div><\/a><\/a><\/div><\/div>            <\/div>\n            \n                    <\/div>\n        \n        \t\t<\/div>\n\t\t\t\t<\/div>\n\t\t\t\t\t<\/div>\n\t\t<\/div>\n\t\t\t\t\t\t\t<\/div>\n\t\t<\/section>\n\t\t\t\t\t\t\t<\/div>","protected":false},"excerpt":{"rendered":"<p>\u00c7iftlik \u00c7iftlik Hakk\u0131nda Galeri T\u00fcm\u00fc Foto\u011fraf Video<\/p>","protected":false},"author":1,"featured_media":0,"parent":268,"menu_order":0,"comment_status":"closed","ping_status":"closed","template":"","meta":{"footnotes":""},"class_list":["post-276","page","type-page","status-publish","hentry"],"blocksy_meta":{"styles_descriptor":{"styles":{"desktop":"","tablet":"","mobile":""},"google_fonts":[],"version":6}},"_links":{"self":[{"href":"https:\/\/proviyumurta.com.tr\/en\/wp-json\/wp\/v2\/pages\/276","targetHints":{"allow":["GET"]}}],"collection":[{"href":"https:\/\/proviyumurta.com.tr\/en\/wp-json\/wp\/v2\/pages"}],"about":[{"href":"https:\/\/proviyumurta.com.tr\/en\/wp-json\/wp\/v2\/types\/page"}],"author":[{"embeddable":true,"href":"https:\/\/proviyumurta.com.tr\/en\/wp-json\/wp\/v2\/users\/1"}],"replies":[{"embeddable":true,"href":"https:\/\/proviyumurta.com.tr\/en\/wp-json\/wp\/v2\/comments?post=276"}],"version-history":[{"count":25,"href":"https:\/\/proviyumurta.com.tr\/en\/wp-json\/wp\/v2\/pages\/276\/revisions"}],"predecessor-version":[{"id":1086,"href":"https:\/\/proviyumurta.com.tr\/en\/wp-json\/wp\/v2\/pages\/276\/revisions\/1086"}],"up":[{"embeddable":true,"href":"https:\/\/proviyumurta.com.tr\/en\/wp-json\/wp\/v2\/pages\/268"}],"wp:attachment":[{"href":"https:\/\/proviyumurta.com.tr\/en\/wp-json\/wp\/v2\/media?parent=276"}],"curies":[{"name":"wp","href":"https:\/\/api.w.org\/{rel}","templated":true}]}}