{"id":274,"date":"2022-09-15T18:23:26","date_gmt":"2022-09-15T18:23:26","guid":{"rendered":"https:\/\/provi.3sadworksdemo.com\/wp\/?page_id=274"},"modified":"2022-09-16T21:10:10","modified_gmt":"2022-09-16T21:10:10","slug":"tarihce","status":"publish","type":"page","link":"https:\/\/proviyumurta.com.tr\/en\/ciftlik\/tarihce\/","title":{"rendered":"Tarih\u00e7e"},"content":{"rendered":"<div data-elementor-type=\"wp-page\" data-elementor-id=\"274\" class=\"elementor elementor-274\">\n\t\t\t\t\t\t\t\t\t<section class=\"elementor-section elementor-top-section elementor-element elementor-element-87b2fdb ct-section-stretched elementor-section-full_width elementor-section-height-default elementor-section-height-default\" data-id=\"87b2fdb\" data-element_type=\"section\" data-settings=\"{&quot;background_background&quot;:&quot;classic&quot;}\">\n\t\t\t\t\t\t<div class=\"elementor-container elementor-column-gap-no\">\n\t\t\t\t\t<div class=\"elementor-column elementor-col-100 elementor-top-column elementor-element elementor-element-38ab06f\" data-id=\"38ab06f\" data-element_type=\"column\">\n\t\t\t<div class=\"elementor-widget-wrap elementor-element-populated\">\n\t\t\t\t\t\t\t\t<div class=\"elementor-element elementor-element-f71d3e9 elementor-widget elementor-widget-spacer\" data-id=\"f71d3e9\" data-element_type=\"widget\" data-widget_type=\"spacer.default\">\n\t\t\t\t<div class=\"elementor-widget-container\">\n\t\t\t<style>\/*! elementor - v3.8.1 - 13-11-2022 *\/\n.elementor-column .elementor-spacer-inner{height:var(--spacer-size)}.e-con{--container-widget-width:100%}.e-con-inner>.elementor-widget-spacer,.e-con>.elementor-widget-spacer{width:var(--container-widget-width,var(--spacer-size));-ms-flex-item-align:stretch;align-self:stretch;-ms-flex-negative:0;flex-shrink:0}.e-con-inner>.elementor-widget-spacer>.elementor-widget-container,.e-con-inner>.elementor-widget-spacer>.elementor-widget-container>.elementor-spacer,.e-con>.elementor-widget-spacer>.elementor-widget-container,.e-con>.elementor-widget-spacer>.elementor-widget-container>.elementor-spacer{height:100%}.e-con-inner>.elementor-widget-spacer>.elementor-widget-container>.elementor-spacer>.elementor-spacer-inner,.e-con>.elementor-widget-spacer>.elementor-widget-container>.elementor-spacer>.elementor-spacer-inner{height:var(--container-widget-height,var(--spacer-size))}<\/style>\t\t<div class=\"elementor-spacer\">\n\t\t\t<div class=\"elementor-spacer-inner\"><\/div>\n\t\t<\/div>\n\t\t\t\t<\/div>\n\t\t\t\t<\/div>\n\t\t\t\t\t<\/div>\n\t\t<\/div>\n\t\t\t\t\t\t\t<\/div>\n\t\t<\/section>\n\t\t\t\t<section class=\"elementor-section elementor-top-section elementor-element elementor-element-f6e86b5 elementor-section-boxed elementor-section-height-default elementor-section-height-default\" data-id=\"f6e86b5\" data-element_type=\"section\">\n\t\t\t\t\t\t<div class=\"elementor-container elementor-column-gap-default\">\n\t\t\t\t\t<div class=\"elementor-column elementor-col-33 elementor-top-column elementor-element elementor-element-64ebe87\" data-id=\"64ebe87\" data-element_type=\"column\">\n\t\t\t<div class=\"elementor-widget-wrap elementor-element-populated\">\n\t\t\t\t\t\t\t\t<div class=\"elementor-element elementor-element-ef07eef elementor-widget elementor-widget-heading\" data-id=\"ef07eef\" data-element_type=\"widget\" data-widget_type=\"heading.default\">\n\t\t\t\t<div class=\"elementor-widget-container\">\n\t\t\t<style>\/*! elementor - v3.8.1 - 13-11-2022 *\/\n.elementor-heading-title{padding:0;margin:0;line-height:1}.elementor-widget-heading .elementor-heading-title[class*=elementor-size-]>a{color:inherit;font-size:inherit;line-height:inherit}.elementor-widget-heading .elementor-heading-title.elementor-size-small{font-size:15px}.elementor-widget-heading .elementor-heading-title.elementor-size-medium{font-size:19px}.elementor-widget-heading .elementor-heading-title.elementor-size-large{font-size:29px}.elementor-widget-heading .elementor-heading-title.elementor-size-xl{font-size:39px}.elementor-widget-heading .elementor-heading-title.elementor-size-xxl{font-size:59px}<\/style><h2 class=\"elementor-heading-title elementor-size-default\">About the Farm<\/h2>\t\t<\/div>\n\t\t\t\t<\/div>\n\t\t\t\t<div class=\"elementor-element elementor-element-8a43740 breadim elementor-widget elementor-widget-wp-widget-bcn_widget\" data-id=\"8a43740\" data-element_type=\"widget\" data-widget_type=\"wp-widget-bcn_widget.default\">\n\t\t\t\t<div class=\"elementor-widget-container\">\n\t\t\t<div class=\"breadcrumbs\" vocab=\"https:\/\/schema.org\/\" typeof=\"BreadcrumbList\"><!-- Breadcrumb NavXT 7.1.0 -->\n<span property=\"itemListElement\" typeof=\"ListItem\"><a property=\"item\" typeof=\"WebPage\" title=\"Go to Provi.\" href=\"https:\/\/proviyumurta.com.tr\/en\" class=\"home\" aria-current=\"page\"><span property=\"name\">Homepage<\/span><\/a><meta property=\"position\" content=\"1\"><\/span><\/div>\t\t<\/div>\n\t\t\t\t<\/div>\n\t\t\t\t<div class=\"elementor-element elementor-element-ee3e4b1 pasif elementor-widget elementor-widget-text-editor\" data-id=\"ee3e4b1\" data-element_type=\"widget\" data-widget_type=\"text-editor.default\">\n\t\t\t\t<div class=\"elementor-widget-container\">\n\t\t\t<style>\/*! elementor - v3.8.1 - 13-11-2022 *\/\n.elementor-widget-text-editor.elementor-drop-cap-view-stacked .elementor-drop-cap{background-color:#818a91;color:#fff}.elementor-widget-text-editor.elementor-drop-cap-view-framed .elementor-drop-cap{color:#818a91;border:3px solid;background-color:transparent}.elementor-widget-text-editor:not(.elementor-drop-cap-view-default) .elementor-drop-cap{margin-top:8px}.elementor-widget-text-editor:not(.elementor-drop-cap-view-default) .elementor-drop-cap-letter{width:1em;height:1em}.elementor-widget-text-editor .elementor-drop-cap{float:left;text-align:center;line-height:1;font-size:50px}.elementor-widget-text-editor .elementor-drop-cap-letter{display:inline-block}<\/style>\t\t\t\t<p><a href=\"https:\/\/proviyumurta.com.tr\/en\/ciftlik\/ciftlik-hakkinda\/\">About the Farm <\/a><\/p>\t\t\t\t\t\t<\/div>\n\t\t\t\t<\/div>\n\t\t\t\t<div class=\"elementor-element elementor-element-59e5547 pasif elementor-widget elementor-widget-text-editor\" data-id=\"59e5547\" data-element_type=\"widget\" data-widget_type=\"text-editor.default\">\n\t\t\t\t<div class=\"elementor-widget-container\">\n\t\t\t\t\t\t\t<p><a href=\"https:\/\/proviyumurta.com.tr\/en\/ciftlik\/yerlesim-alani\/\">Yerle\u015fim Alan\u0131<\/a><\/p>\t\t\t\t\t\t<\/div>\n\t\t\t\t<\/div>\n\t\t\t\t<div class=\"elementor-element elementor-element-7ad0b19 menum elementor-widget elementor-widget-text-editor\" data-id=\"7ad0b19\" data-element_type=\"widget\" data-widget_type=\"text-editor.default\">\n\t\t\t\t<div class=\"elementor-widget-container\">\n\t\t\t\t\t\t\t<p><a href=\"https:\/\/proviyumurta.com.tr\/en\/ciftlik\/tarihce\/\">Tarih\u00e7e<\/a><\/p>\t\t\t\t\t\t<\/div>\n\t\t\t\t<\/div>\n\t\t\t\t<div class=\"elementor-element elementor-element-96c5176 pasif elementor-widget elementor-widget-text-editor\" data-id=\"96c5176\" data-element_type=\"widget\" data-widget_type=\"text-editor.default\">\n\t\t\t\t<div class=\"elementor-widget-container\">\n\t\t\t\t\t\t\t<p><a href=\"https:\/\/proviyumurta.com.tr\/en\/ciftlik\/galeri\/\">Gallery<\/a><\/p>\t\t\t\t\t\t<\/div>\n\t\t\t\t<\/div>\n\t\t\t\t\t<\/div>\n\t\t<\/div>\n\t\t\t\t<div class=\"elementor-column elementor-col-66 elementor-top-column elementor-element elementor-element-215c139\" data-id=\"215c139\" data-element_type=\"column\">\n\t\t\t<div class=\"elementor-widget-wrap elementor-element-populated\">\n\t\t\t\t\t\t\t\t<div class=\"elementor-element elementor-element-80f4f06 elementor-widget elementor-widget-image\" data-id=\"80f4f06\" data-element_type=\"widget\" data-widget_type=\"image.default\">\n\t\t\t\t<div class=\"elementor-widget-container\">\n\t\t\t<style>\/*! elementor - v3.8.1 - 13-11-2022 *\/\n.elementor-widget-image{text-align:center}.elementor-widget-image a{display:inline-block}.elementor-widget-image a img[src$=\".svg\"]{width:48px}.elementor-widget-image img{vertical-align:middle;display:inline-block}<\/style>\t\t\t\t\t\t\t\t\t\t\t\t<img loading=\"lazy\" decoding=\"async\" width=\"694\" height=\"303\" src=\"https:\/\/proviyumurta.com.tr\/wp-content\/uploads\/2022\/09\/c\u0327iftlik.png\" class=\"attachment-full size-full\" alt=\"\" srcset=\"https:\/\/proviyumurta.com.tr\/wp-content\/uploads\/2022\/09\/c\u0327iftlik.png 694w, https:\/\/proviyumurta.com.tr\/wp-content\/uploads\/2022\/09\/c\u0327iftlik-300x131.png 300w\" sizes=\"auto, (max-width: 694px) 100vw, 694px\" \/>\t\t\t\t\t\t\t\t\t\t\t\t\t\t\t<\/div>\n\t\t\t\t<\/div>\n\t\t\t\t<div class=\"elementor-element elementor-element-2d69011 elementor-widget elementor-widget-text-editor\" data-id=\"2d69011\" data-element_type=\"widget\" data-widget_type=\"text-editor.default\">\n\t\t\t\t<div class=\"elementor-widget-container\">\n\t\t\t\t\t\t\t<p>Lorem ipsum dolor sit amet, consectetur adipiscing elit. Praesent orci eros, hendrerit auctor augue eu, interdum scelerisque nunc. Aliquam et turpis felis. Vestibulum facilisis ut eros ut posuere. Quisque ut placerat est. Ut sit amet quam facilisis, ultricies nisl et, lacinia enim. Donec facilisis fermentum nisi, quis congue urna semper eget. Ut dignissim malesuada lectus, ac vulputate sem scelerisque et. Donec maximus augue massa, sed ornare eros varius et. Proin varius sapien ante, nec faucibus metus hendrerit vitae. Maecenas sit amet neque orci. Maecenas luctus condimentum fringilla. Proin elementum a massa a auctor.<\/p><p>Aliquam convallis vehicula ipsum, et sagittis justo tempus eget. Donec a libero sed ipsum viverra condimentum sed et dolor. Cras vitae fermentum ipsum, sit amet pellentesque tortor. Maecenas in venenatis sem. Duis fermentum mollis nibh vel hendrerit. Sed eget tellus et diam malesuada vehicula commodo ut risus. Donec pharetra accumsan lectus sit amet gravida. Suspendisse at velit hendrerit, consectetur ipsum id, auctor orci. Nulla suscipit tristique augue, et vestibulum est pellentesque sed. In ut efficitur quam. Nunc ante odio, placerat ac egestas at, facilisis at augue.<\/p><p>Donec eu odio eu arcu imperdiet laoreet ut ut sapien. Sed laoreet dictum malesuada. Curabitur massa sem, auctor eu interdum a, lacinia in neque. Sed pulvinar tempor sapien a ullamcorper. In porta tellus sapien, maximus bibendum ante faucibus non. Vivamus hendrerit odio in nunc vehicula ultricies. Maecenas a tellus ac massa tempor iaculis.<\/p>\t\t\t\t\t\t<\/div>\n\t\t\t\t<\/div>\n\t\t\t\t\t<\/div>\n\t\t<\/div>\n\t\t\t\t\t\t\t<\/div>\n\t\t<\/section>\n\t\t\t\t\t\t\t<\/div>","protected":false},"excerpt":{"rendered":"<p>\u00c7iftlik \u00c7iftlik Hakk\u0131nda Yerle\u015fim Alan\u0131 Tarih\u00e7e Galeri Lorem ipsum dolor sit amet, consectetur adipiscing elit. Praesent orci eros, hendrerit auctor augue eu, interdum scelerisque nunc. Aliquam et turpis felis. Vestibulum facilisis ut eros ut posuere. Quisque ut placerat est. Ut sit amet quam facilisis, ultricies nisl et, lacinia enim. Donec facilisis fermentum nisi, quis congue [&hellip;]<\/p>","protected":false},"author":1,"featured_media":0,"parent":268,"menu_order":0,"comment_status":"closed","ping_status":"closed","template":"","meta":{"footnotes":""},"class_list":["post-274","page","type-page","status-publish","hentry"],"blocksy_meta":{"styles_descriptor":{"styles":{"desktop":"","tablet":"","mobile":""},"google_fonts":[],"version":6}},"_links":{"self":[{"href":"https:\/\/proviyumurta.com.tr\/en\/wp-json\/wp\/v2\/pages\/274","targetHints":{"allow":["GET"]}}],"collection":[{"href":"https:\/\/proviyumurta.com.tr\/en\/wp-json\/wp\/v2\/pages"}],"about":[{"href":"https:\/\/proviyumurta.com.tr\/en\/wp-json\/wp\/v2\/types\/page"}],"author":[{"embeddable":true,"href":"https:\/\/proviyumurta.com.tr\/en\/wp-json\/wp\/v2\/users\/1"}],"replies":[{"embeddable":true,"href":"https:\/\/proviyumurta.com.tr\/en\/wp-json\/wp\/v2\/comments?post=274"}],"version-history":[{"count":4,"href":"https:\/\/proviyumurta.com.tr\/en\/wp-json\/wp\/v2\/pages\/274\/revisions"}],"predecessor-version":[{"id":630,"href":"https:\/\/proviyumurta.com.tr\/en\/wp-json\/wp\/v2\/pages\/274\/revisions\/630"}],"up":[{"embeddable":true,"href":"https:\/\/proviyumurta.com.tr\/en\/wp-json\/wp\/v2\/pages\/268"}],"wp:attachment":[{"href":"https:\/\/proviyumurta.com.tr\/en\/wp-json\/wp\/v2\/media?parent=274"}],"curies":[{"name":"wp","href":"https:\/\/api.w.org\/{rel}","templated":true}]}}