{"id":258,"date":"2022-09-15T18:18:40","date_gmt":"2022-09-15T18:18:40","guid":{"rendered":"https:\/\/provi.3sadworksdemo.com\/wp\/?page_id=258"},"modified":"2022-11-16T08:36:37","modified_gmt":"2022-11-16T08:36:37","slug":"hakkimizda","status":"publish","type":"page","link":"https:\/\/proviyumurta.com.tr\/en\/kurumsal\/hakkimizda\/","title":{"rendered":"Corporate Identity"},"content":{"rendered":"<div data-elementor-type=\"wp-page\" data-elementor-id=\"258\" class=\"elementor elementor-258\">\n\t\t\t\t\t\t\t\t\t<section class=\"elementor-section elementor-top-section elementor-element elementor-element-5c0afaa ct-section-stretched elementor-section-full_width elementor-section-height-default elementor-section-height-default\" data-id=\"5c0afaa\" data-element_type=\"section\" data-settings=\"{&quot;background_background&quot;:&quot;classic&quot;}\">\n\t\t\t\t\t\t<div class=\"elementor-container elementor-column-gap-no\">\n\t\t\t\t\t<div class=\"elementor-column elementor-col-100 elementor-top-column elementor-element elementor-element-4216a9e\" data-id=\"4216a9e\" data-element_type=\"column\">\n\t\t\t<div class=\"elementor-widget-wrap elementor-element-populated\">\n\t\t\t\t\t\t\t\t<div class=\"elementor-element elementor-element-040c80e elementor-widget elementor-widget-spacer\" data-id=\"040c80e\" data-element_type=\"widget\" data-widget_type=\"spacer.default\">\n\t\t\t\t<div class=\"elementor-widget-container\">\n\t\t\t<style>\/*! elementor - v3.8.1 - 13-11-2022 *\/\n.elementor-column .elementor-spacer-inner{height:var(--spacer-size)}.e-con{--container-widget-width:100%}.e-con-inner>.elementor-widget-spacer,.e-con>.elementor-widget-spacer{width:var(--container-widget-width,var(--spacer-size));-ms-flex-item-align:stretch;align-self:stretch;-ms-flex-negative:0;flex-shrink:0}.e-con-inner>.elementor-widget-spacer>.elementor-widget-container,.e-con-inner>.elementor-widget-spacer>.elementor-widget-container>.elementor-spacer,.e-con>.elementor-widget-spacer>.elementor-widget-container,.e-con>.elementor-widget-spacer>.elementor-widget-container>.elementor-spacer{height:100%}.e-con-inner>.elementor-widget-spacer>.elementor-widget-container>.elementor-spacer>.elementor-spacer-inner,.e-con>.elementor-widget-spacer>.elementor-widget-container>.elementor-spacer>.elementor-spacer-inner{height:var(--container-widget-height,var(--spacer-size))}<\/style>\t\t<div class=\"elementor-spacer\">\n\t\t\t<div class=\"elementor-spacer-inner\"><\/div>\n\t\t<\/div>\n\t\t\t\t<\/div>\n\t\t\t\t<\/div>\n\t\t\t\t\t<\/div>\n\t\t<\/div>\n\t\t\t\t\t\t\t<\/div>\n\t\t<\/section>\n\t\t\t\t<section class=\"elementor-section elementor-top-section elementor-element elementor-element-1161a1a elementor-section-boxed elementor-section-height-default elementor-section-height-default\" data-id=\"1161a1a\" data-element_type=\"section\">\n\t\t\t\t\t\t<div class=\"elementor-container elementor-column-gap-default\">\n\t\t\t\t\t<div class=\"elementor-column elementor-col-33 elementor-top-column elementor-element elementor-element-a2bb683\" data-id=\"a2bb683\" data-element_type=\"column\">\n\t\t\t<div class=\"elementor-widget-wrap elementor-element-populated\">\n\t\t\t\t\t\t\t\t<div class=\"elementor-element elementor-element-1de08ac elementor-widget elementor-widget-heading\" data-id=\"1de08ac\" data-element_type=\"widget\" data-widget_type=\"heading.default\">\n\t\t\t\t<div class=\"elementor-widget-container\">\n\t\t\t<style>\/*! elementor - v3.8.1 - 13-11-2022 *\/\n.elementor-heading-title{padding:0;margin:0;line-height:1}.elementor-widget-heading .elementor-heading-title[class*=elementor-size-]>a{color:inherit;font-size:inherit;line-height:inherit}.elementor-widget-heading .elementor-heading-title.elementor-size-small{font-size:15px}.elementor-widget-heading .elementor-heading-title.elementor-size-medium{font-size:19px}.elementor-widget-heading .elementor-heading-title.elementor-size-large{font-size:29px}.elementor-widget-heading .elementor-heading-title.elementor-size-xl{font-size:39px}.elementor-widget-heading .elementor-heading-title.elementor-size-xxl{font-size:59px}<\/style><h2 class=\"elementor-heading-title elementor-size-default\">Corporate<\/h2>\t\t<\/div>\n\t\t\t\t<\/div>\n\t\t\t\t<div class=\"elementor-element elementor-element-0c3ca30 breadim elementor-widget elementor-widget-wp-widget-bcn_widget\" data-id=\"0c3ca30\" data-element_type=\"widget\" data-widget_type=\"wp-widget-bcn_widget.default\">\n\t\t\t\t<div class=\"elementor-widget-container\">\n\t\t\t<div class=\"breadcrumbs\" vocab=\"https:\/\/schema.org\/\" typeof=\"BreadcrumbList\"><!-- Breadcrumb NavXT 7.1.0 -->\n<span property=\"itemListElement\" typeof=\"ListItem\"><a property=\"item\" typeof=\"WebPage\" title=\"Go to Provi.\" href=\"https:\/\/proviyumurta.com.tr\/en\" class=\"home\" aria-current=\"page\"><span property=\"name\">Homepage<\/span><\/a><meta property=\"position\" content=\"1\"><\/span><\/div>\t\t<\/div>\n\t\t\t\t<\/div>\n\t\t\t\t<div class=\"elementor-element elementor-element-87079dc menum elementor-widget elementor-widget-text-editor\" data-id=\"87079dc\" data-element_type=\"widget\" data-widget_type=\"text-editor.default\">\n\t\t\t\t<div class=\"elementor-widget-container\">\n\t\t\t<style>\/*! elementor - v3.8.1 - 13-11-2022 *\/\n.elementor-widget-text-editor.elementor-drop-cap-view-stacked .elementor-drop-cap{background-color:#818a91;color:#fff}.elementor-widget-text-editor.elementor-drop-cap-view-framed .elementor-drop-cap{color:#818a91;border:3px solid;background-color:transparent}.elementor-widget-text-editor:not(.elementor-drop-cap-view-default) .elementor-drop-cap{margin-top:8px}.elementor-widget-text-editor:not(.elementor-drop-cap-view-default) .elementor-drop-cap-letter{width:1em;height:1em}.elementor-widget-text-editor .elementor-drop-cap{float:left;text-align:center;line-height:1;font-size:50px}.elementor-widget-text-editor .elementor-drop-cap-letter{display:inline-block}<\/style>\t\t\t\t<p><a href=\"https:\/\/proviyumurta.com.tr\/en\/kurumsal\/hakkimizda\/\">Corporate Identity<\/a><\/p>\t\t\t\t\t\t<\/div>\n\t\t\t\t<\/div>\n\t\t\t\t<div class=\"elementor-element elementor-element-b697d14 pasif elementor-widget elementor-widget-text-editor\" data-id=\"b697d14\" data-element_type=\"widget\" data-widget_type=\"text-editor.default\">\n\t\t\t\t<div class=\"elementor-widget-container\">\n\t\t\t\t\t\t\t<p><a href=\"https:\/\/proviyumurta.com.tr\/en\/kurumsal\/kalite-politikamiz\/\">Our Quality Policy<\/a><\/p>\t\t\t\t\t\t<\/div>\n\t\t\t\t<\/div>\n\t\t\t\t<div class=\"elementor-element elementor-element-c49e835 pasif elementor-widget elementor-widget-text-editor\" data-id=\"c49e835\" data-element_type=\"widget\" data-widget_type=\"text-editor.default\">\n\t\t\t\t<div class=\"elementor-widget-container\">\n\t\t\t\t\t\t\t<p><a href=\"https:\/\/proviyumurta.com.tr\/en\/kurumsal\/sertifikalar\/\">Certificates<\/a><\/p>\t\t\t\t\t\t<\/div>\n\t\t\t\t<\/div>\n\t\t\t\t\t<\/div>\n\t\t<\/div>\n\t\t\t\t<div class=\"elementor-column elementor-col-66 elementor-top-column elementor-element elementor-element-fd865c5\" data-id=\"fd865c5\" data-element_type=\"column\">\n\t\t\t<div class=\"elementor-widget-wrap elementor-element-populated\">\n\t\t\t\t\t\t\t\t<div class=\"elementor-element elementor-element-5317986 elementor-widget elementor-widget-image\" data-id=\"5317986\" data-element_type=\"widget\" data-widget_type=\"image.default\">\n\t\t\t\t<div class=\"elementor-widget-container\">\n\t\t\t<style>\/*! elementor - v3.8.1 - 13-11-2022 *\/\n.elementor-widget-image{text-align:center}.elementor-widget-image a{display:inline-block}.elementor-widget-image a img[src$=\".svg\"]{width:48px}.elementor-widget-image img{vertical-align:middle;display:inline-block}<\/style>\t\t\t\t\t\t\t\t\t\t\t\t<img loading=\"lazy\" decoding=\"async\" width=\"694\" height=\"303\" src=\"https:\/\/proviyumurta.com.tr\/wp-content\/uploads\/2022\/09\/Mask-group-1.png\" class=\"attachment-full size-full\" alt=\"\" srcset=\"https:\/\/proviyumurta.com.tr\/wp-content\/uploads\/2022\/09\/Mask-group-1.png 694w, https:\/\/proviyumurta.com.tr\/wp-content\/uploads\/2022\/09\/Mask-group-1-300x131.png 300w\" sizes=\"auto, (max-width: 694px) 100vw, 694px\" \/>\t\t\t\t\t\t\t\t\t\t\t\t\t\t\t<\/div>\n\t\t\t\t<\/div>\n\t\t\t\t<div class=\"elementor-element elementor-element-a3c48a2 elementor-widget elementor-widget-text-editor\" data-id=\"a3c48a2\" data-element_type=\"widget\" data-widget_type=\"text-editor.default\">\n\t\t\t\t<div class=\"elementor-widget-container\">\n\t\t\t\t\t\t\t<p class=\" translation-block\">Provi Egg is a <strong>Promar Food Industry and Trade Joint Stock Company <\/strong>. Promar Food started its activities in 2003 as a raw material supplier. It is one of Turkey's leading raw material suppliers in the feed industry.<\/p><p>Provi Egg was established in May 2020, by making modernization investments for animal welfare, occupational safety and worker health, it started egg production in June and took its place among today's exemplary enterprises.\u00a0<\/p><p class=\" translation-block\">While Provi Egg attaches great importance to biosecurity, food safety, animal health and welfare in its facilities, it also pays optimum attention to storage and warehouse conditions. In addition to the fact that there is no animal protein source in the feed of our chickens fed in our farm, <strong><em>natural vegetable colorants are used instead of chemical colorants that give color to the egg yolk <\/em><\/strong>, which is important for human health. Egg quality and taste are at the highest level.<\/p>\t\t\t\t\t\t<\/div>\n\t\t\t\t<\/div>\n\t\t\t\t\t<\/div>\n\t\t<\/div>\n\t\t\t\t\t\t\t<\/div>\n\t\t<\/section>\n\t\t\t\t\t\t\t<\/div>","protected":false},"excerpt":{"rendered":"<p>Kurumsal Hakk\u0131m\u0131zda Kalite Politikam\u0131z Sertifikalar Provi Yumurta, bir Promar G\u0131da San. ve Tic. A. \u015e. kurulu\u015fudur.\u00a0Promar G\u0131da, 2003 y\u0131l\u0131nda hammadde tedarik\u00e7isi olarak faaliyete ba\u015flam\u0131\u015ft\u0131r. Yem sekt\u00f6r\u00fcnde T\u00fcrkiye\u2019nin \u00f6nde gelen hammadde tedarik\u00e7ilerinden biridir. Provi Yumurta, 2020 May\u0131s ay\u0131nda kurulmu\u015f, hayvan refah\u0131, i\u015f g\u00fcvenli\u011fi ve i\u015f\u00e7i sa\u011fl\u0131\u011f\u0131 i\u00e7in modernizasyon yat\u0131r\u0131mlar\u0131n\u0131 ger\u00e7ekle\u015ftirerek, Haziran ay\u0131nda yumurta \u00fcretimine ge\u00e7mi\u015f, g\u00fcn\u00fcm\u00fcz\u00fcn [&hellip;]<\/p>","protected":false},"author":1,"featured_media":0,"parent":256,"menu_order":0,"comment_status":"closed","ping_status":"closed","template":"","meta":{"footnotes":""},"class_list":["post-258","page","type-page","status-publish","hentry"],"blocksy_meta":{"styles_descriptor":{"styles":{"desktop":"","tablet":"","mobile":""},"google_fonts":[],"version":6}},"_links":{"self":[{"href":"https:\/\/proviyumurta.com.tr\/en\/wp-json\/wp\/v2\/pages\/258","targetHints":{"allow":["GET"]}}],"collection":[{"href":"https:\/\/proviyumurta.com.tr\/en\/wp-json\/wp\/v2\/pages"}],"about":[{"href":"https:\/\/proviyumurta.com.tr\/en\/wp-json\/wp\/v2\/types\/page"}],"author":[{"embeddable":true,"href":"https:\/\/proviyumurta.com.tr\/en\/wp-json\/wp\/v2\/users\/1"}],"replies":[{"embeddable":true,"href":"https:\/\/proviyumurta.com.tr\/en\/wp-json\/wp\/v2\/comments?post=258"}],"version-history":[{"count":73,"href":"https:\/\/proviyumurta.com.tr\/en\/wp-json\/wp\/v2\/pages\/258\/revisions"}],"predecessor-version":[{"id":1124,"href":"https:\/\/proviyumurta.com.tr\/en\/wp-json\/wp\/v2\/pages\/258\/revisions\/1124"}],"up":[{"embeddable":true,"href":"https:\/\/proviyumurta.com.tr\/en\/wp-json\/wp\/v2\/pages\/256"}],"wp:attachment":[{"href":"https:\/\/proviyumurta.com.tr\/en\/wp-json\/wp\/v2\/media?parent=258"}],"curies":[{"name":"wp","href":"https:\/\/api.w.org\/{rel}","templated":true}]}}